{"id":29168,"date":"2021-11-16T10:50:23","date_gmt":"2021-11-16T08:50:23","guid":{"rendered":"https:\/\/www.martinezechvarria.com\/politica-de-privacidad\/"},"modified":"2022-08-12T09:05:48","modified_gmt":"2022-08-12T07:05:48","slug":"privacy-policy","status":"publish","type":"page","link":"https:\/\/www.martinezechevarria.com\/en\/privacy-policy\/","title":{"rendered":"Privacy Policy"},"content":{"rendered":"<p><strong><u>POL\u00cdTICA DE PRIVACIDAD<\/u><\/strong><\/p>\n<table style=\"height: 1387px;\" width=\"888\">\n<tbody>\n<tr>\n<td width=\"170\"><strong>RESPONSABLE DEL TRATAMIENTO<\/strong><\/td>\n<td width=\"387\"><strong>RIGHT OPTION, S.A.P.<\/strong><\/p>\n<p>-\u00a0\u00a0\u00a0\u00a0\u00a0 CIF n\u00ba A-86.366.895.<\/p>\n<p>-\u00a0\u00a0\u00a0\u00a0\u00a0 Calle Pr\u00edncipe de Vergara 33, 2\u00ba Izquierda, Madrid 28001.<\/td>\n<\/tr>\n<tr>\n<td width=\"170\"><strong>FINALIDADES<\/strong><\/td>\n<td width=\"387\">-\u00a0\u00a0\u00a0\u00a0\u00a0 Ponerse en contacto con la Sociedad.<\/p>\n<p>-\u00a0\u00a0\u00a0\u00a0\u00a0 Solicitar el env\u00edo de <em>Newsletters<\/em>.<\/p>\n<p>-\u00a0\u00a0\u00a0\u00a0\u00a0 Realizar comunicaciones comerciales.<\/td>\n<\/tr>\n<tr>\n<td width=\"170\"><strong>LICITUD<\/strong><\/td>\n<td width=\"387\">-\u00a0\u00a0\u00a0\u00a0\u00a0 El <strong>consentimiento<\/strong> otorgado.<\/p>\n<p>-\u00a0\u00a0\u00a0\u00a0\u00a0 La satisfacci\u00f3n de los <strong>intereses leg\u00edtimos<\/strong> perseguidos por MART\u00cdNEZ-ECHEVARR\u00cdA ABOGADOS en relaci\u00f3n con dar a conocer sus nuevos servicios.<\/td>\n<\/tr>\n<tr>\n<td width=\"170\"><strong>COMUNICACIONES<\/strong><\/td>\n<td width=\"387\">Los datos del usuario podr\u00e1n ser comunicados a los colaboradores de MART\u00cdNEZ-ECHEVARR\u00cdA ABOGADOS para la consecuci\u00f3n de las finalidades indicadas, as\u00ed como a las empresas de su grupo.<\/td>\n<\/tr>\n<tr>\n<td width=\"170\"><strong>CONSERVACI\u00d3N<\/strong><\/td>\n<td width=\"387\">Los datos se conservar\u00e1n durante el tiempo necesario para la realizaci\u00f3n de las finalidades para las que fueron recogidos, mientras no revoque los consentimientos otorgados. Posteriormente, en caso de ser necesario, mantendr\u00e1 la informaci\u00f3n bloqueada los plazos legalmente establecidos.<\/td>\n<\/tr>\n<tr>\n<td width=\"170\"><strong>EJERCICIO DE LOS DERECHOS<\/strong><\/td>\n<td width=\"387\">Por escrito a la direcci\u00f3n: Calle Pr\u00edncipe de Vergara 33, 2\u00ba Izquierda, Madrid 28001.<\/p>\n<p>Al correo electr\u00f3nico <a href=\"mailto:pdatos@martinezechevarria.com\">pdatos@martinezechevarria.com<\/a> .<\/td>\n<\/tr>\n<tr>\n<td width=\"170\"><strong>DELEGADO DE PROTECCI\u00d3N DE DATOS<\/strong><\/td>\n<td width=\"387\">MART\u00cdNEZ-ECHEVARR\u00cdA \u00a0ABOGADOS ha designado un delegado de protecci\u00f3n de datos, al que se le podr\u00e1 realizar cualquier consulta o solicitud en materia de protecci\u00f3n de datos personales a trav\u00e9s del correo electr\u00f3nico<a href=\"mailto:pdatos@martinezechevarria.com\">pdatos@martinezechevarria.com<\/a>.<\/td>\n<\/tr>\n<tr>\n<td colspan=\"2\" width=\"557\">Tienes m\u00e1s informaci\u00f3n sobre el tratamiento que realizamos de tus datos personales, as\u00ed como de los derechos que te asisten a trav\u00e9s del siguiente <a href=\"https:\/\/www.martinezechvarria.com\/wp-content\/uploads\/2021\/11\/MER-Politica-de-Privacidad.pdf\" target=\"_blank\" rel=\"noopener\">enlace: <strong>Pol\u00edtica de Privacidad<\/strong><\/a><\/p>\n<p>&nbsp;<\/td>\n<\/tr>\n<\/tbody>\n<\/table>\n<p>&nbsp;<\/p>\n","protected":false},"excerpt":{"rendered":"<p>POL\u00cdTICA DE PRIVACIDAD RESPONSABLE DEL TRATAMIENTO RIGHT OPTION, S.A.P. -\u00a0\u00a0\u00a0\u00a0\u00a0 CIF n\u00ba A-86.366.895. -\u00a0\u00a0\u00a0\u00a0\u00a0 Calle Pr\u00edncipe de Vergara 33, 2\u00ba Izquierda, Madrid 28001. FINALIDADES -\u00a0\u00a0\u00a0\u00a0\u00a0 Ponerse en contacto con la Sociedad. -\u00a0\u00a0\u00a0\u00a0\u00a0 Solicitar el env\u00edo de Newsletters. -\u00a0\u00a0\u00a0\u00a0\u00a0 Realizar comunicaciones comerciales. LICITUD -\u00a0\u00a0\u00a0\u00a0\u00a0 El consentimiento otorgado. -\u00a0\u00a0\u00a0\u00a0\u00a0 La satisfacci\u00f3n de los intereses leg\u00edtimos perseguidos por [&hellip;]<\/p>\n","protected":false},"author":7,"featured_media":0,"parent":0,"menu_order":0,"comment_status":"closed","ping_status":"closed","template":"","meta":{"_acf_changed":false,"footnotes":""},"class_list":["post-29168","page","type-page","status-publish","hentry"],"acf":[],"_links":{"self":[{"href":"https:\/\/www.martinezechevarria.com\/en\/wp-json\/wp\/v2\/pages\/29168","targetHints":{"allow":["GET"]}}],"collection":[{"href":"https:\/\/www.martinezechevarria.com\/en\/wp-json\/wp\/v2\/pages"}],"about":[{"href":"https:\/\/www.martinezechevarria.com\/en\/wp-json\/wp\/v2\/types\/page"}],"author":[{"embeddable":true,"href":"https:\/\/www.martinezechevarria.com\/en\/wp-json\/wp\/v2\/users\/7"}],"replies":[{"embeddable":true,"href":"https:\/\/www.martinezechevarria.com\/en\/wp-json\/wp\/v2\/comments?post=29168"}],"version-history":[{"count":4,"href":"https:\/\/www.martinezechevarria.com\/en\/wp-json\/wp\/v2\/pages\/29168\/revisions"}],"predecessor-version":[{"id":29725,"href":"https:\/\/www.martinezechevarria.com\/en\/wp-json\/wp\/v2\/pages\/29168\/revisions\/29725"}],"wp:attachment":[{"href":"https:\/\/www.martinezechevarria.com\/en\/wp-json\/wp\/v2\/media?parent=29168"}],"curies":[{"name":"wp","href":"https:\/\/api.w.org\/{rel}","templated":true}]}}